{"id":20,"date":"2023-08-31T01:43:48","date_gmt":"2023-08-30T23:43:48","guid":{"rendered":"https:\/\/studio-emedia.com\/?page_id=20"},"modified":"2023-09-02T02:40:16","modified_gmt":"2023-09-02T00:40:16","slug":"accueil","status":"publish","type":"page","link":"https:\/\/studio-emedia.com\/","title":{"rendered":"Accueil"},"content":{"rendered":"\t\t<div data-elementor-type=\"wp-page\" data-elementor-id=\"20\" class=\"elementor elementor-20\">\n\t\t\t\t\t\t\t\t\t<section class=\"elementor-section elementor-top-section elementor-element elementor-element-9d42719 elementor-section-height-min-height elementor-section-stretched elementor-section-boxed elementor-section-height-default elementor-section-items-middle\" data-id=\"9d42719\" data-element_type=\"section\" data-settings=\"{&quot;stretch_section&quot;:&quot;section-stretched&quot;,&quot;background_background&quot;:&quot;classic&quot;}\">\n\t\t\t\t\t\t\t<div class=\"elementor-background-overlay\"><\/div>\n\t\t\t\t\t\t\t<div class=\"elementor-container elementor-column-gap-default\">\n\t\t\t\t\t<div class=\"elementor-column elementor-col-100 elementor-top-column elementor-element elementor-element-ec61abb\" data-id=\"ec61abb\" data-element_type=\"column\">\n\t\t\t<div class=\"elementor-widget-wrap elementor-element-populated\">\n\t\t\t\t\t\t\t\t<div class=\"elementor-element elementor-element-ffa9206 elementor-widget elementor-widget-heading\" data-id=\"ffa9206\" data-element_type=\"widget\" data-widget_type=\"heading.default\">\n\t\t\t\t<div class=\"elementor-widget-container\">\n\t\t\t<style>\/*! elementor - v3.18.0 - 20-12-2023 *\/\n.elementor-heading-title{padding:0;margin:0;line-height:1}.elementor-widget-heading .elementor-heading-title[class*=elementor-size-]>a{color:inherit;font-size:inherit;line-height:inherit}.elementor-widget-heading .elementor-heading-title.elementor-size-small{font-size:15px}.elementor-widget-heading .elementor-heading-title.elementor-size-medium{font-size:19px}.elementor-widget-heading .elementor-heading-title.elementor-size-large{font-size:29px}.elementor-widget-heading .elementor-heading-title.elementor-size-xl{font-size:39px}.elementor-widget-heading .elementor-heading-title.elementor-size-xxl{font-size:59px}<\/style><h2 class=\"elementor-heading-title elementor-size-default\">Cr\u00e9ation de vid\u00e9os courtes et \nimages publicitaires<\/h2>\t\t<\/div>\n\t\t\t\t<\/div>\n\t\t\t\t<div class=\"elementor-element elementor-element-eab2d5a elementor-widget elementor-widget-heading\" data-id=\"eab2d5a\" data-element_type=\"widget\" data-widget_type=\"heading.default\">\n\t\t\t\t<div class=\"elementor-widget-container\">\n\t\t\t<h2 class=\"elementor-heading-title elementor-size-default\">Augmenter sa visibilit\u00e9 et son nombre de followers\npour un impact commercial plus fort !<\/h2>\t\t<\/div>\n\t\t\t\t<\/div>\n\t\t\t\t\t<\/div>\n\t\t<\/div>\n\t\t\t\t\t\t\t<\/div>\n\t\t<\/section>\n\t\t\t\t<section class=\"elementor-section elementor-top-section elementor-element elementor-element-b70ef07 elementor-section-stretched elementor-section-boxed elementor-section-height-default elementor-section-height-default\" data-id=\"b70ef07\" data-element_type=\"section\" data-settings=\"{&quot;stretch_section&quot;:&quot;section-stretched&quot;}\">\n\t\t\t\t\t\t<div class=\"elementor-container elementor-column-gap-default\">\n\t\t\t\t\t<div class=\"elementor-column elementor-col-25 elementor-top-column elementor-element elementor-element-9f5c39c elementor-invisible\" data-id=\"9f5c39c\" data-element_type=\"column\" data-settings=\"{&quot;background_background&quot;:&quot;classic&quot;,&quot;animation&quot;:&quot;fadeInUp&quot;}\">\n\t\t\t<div class=\"elementor-widget-wrap elementor-element-populated\">\n\t\t\t\t\t\t\t\t<div class=\"elementor-element elementor-element-96a42da elementor-position-top elementor-widget elementor-widget-image-box\" data-id=\"96a42da\" data-element_type=\"widget\" data-widget_type=\"image-box.default\">\n\t\t\t\t<div class=\"elementor-widget-container\">\n\t\t\t<style>\/*! elementor - v3.18.0 - 20-12-2023 *\/\n.elementor-widget-image-box .elementor-image-box-content{width:100%}@media (min-width:768px){.elementor-widget-image-box.elementor-position-left .elementor-image-box-wrapper,.elementor-widget-image-box.elementor-position-right .elementor-image-box-wrapper{display:flex}.elementor-widget-image-box.elementor-position-right .elementor-image-box-wrapper{text-align:right;flex-direction:row-reverse}.elementor-widget-image-box.elementor-position-left .elementor-image-box-wrapper{text-align:left;flex-direction:row}.elementor-widget-image-box.elementor-position-top .elementor-image-box-img{margin:auto}.elementor-widget-image-box.elementor-vertical-align-top .elementor-image-box-wrapper{align-items:flex-start}.elementor-widget-image-box.elementor-vertical-align-middle .elementor-image-box-wrapper{align-items:center}.elementor-widget-image-box.elementor-vertical-align-bottom .elementor-image-box-wrapper{align-items:flex-end}}@media (max-width:767px){.elementor-widget-image-box .elementor-image-box-img{margin-left:auto!important;margin-right:auto!important;margin-bottom:15px}}.elementor-widget-image-box .elementor-image-box-img{display:inline-block}.elementor-widget-image-box .elementor-image-box-title a{color:inherit}.elementor-widget-image-box .elementor-image-box-wrapper{text-align:center}.elementor-widget-image-box .elementor-image-box-description{margin:0}<\/style><div class=\"elementor-image-box-wrapper\"><figure class=\"elementor-image-box-img\"><img fetchpriority=\"high\" decoding=\"async\" width=\"256\" height=\"256\" src=\"https:\/\/studio-emedia.com\/wp-content\/uploads\/2023\/09\/video.png\" class=\"attachment-full size-full wp-image-76\" alt=\"\" srcset=\"https:\/\/studio-emedia.com\/wp-content\/uploads\/2023\/09\/video.png 256w, https:\/\/studio-emedia.com\/wp-content\/uploads\/2023\/09\/video-150x150.png 150w\" sizes=\"(max-width: 256px) 100vw, 256px\" \/><\/figure><div class=\"elementor-image-box-content\"><h3 class=\"elementor-image-box-title\">Production de vid\u00e9os courtes et images publicitaires<\/h3><p class=\"elementor-image-box-description\">Nous vous proposons des id\u00e9es de sc\u00e9nario et nous occupons du tournage et du montage de la vid\u00e9o<\/p><\/div><\/div>\t\t<\/div>\n\t\t\t\t<\/div>\n\t\t\t\t\t<\/div>\n\t\t<\/div>\n\t\t\t\t<div class=\"elementor-column elementor-col-25 elementor-top-column elementor-element elementor-element-4071e4e elementor-invisible\" data-id=\"4071e4e\" data-element_type=\"column\" data-settings=\"{&quot;background_background&quot;:&quot;classic&quot;,&quot;animation&quot;:&quot;fadeInUp&quot;,&quot;animation_delay&quot;:200}\">\n\t\t\t<div class=\"elementor-widget-wrap elementor-element-populated\">\n\t\t\t\t\t\t\t\t<div class=\"elementor-element elementor-element-9195e44 elementor-position-top elementor-widget elementor-widget-image-box\" data-id=\"9195e44\" data-element_type=\"widget\" data-widget_type=\"image-box.default\">\n\t\t\t\t<div class=\"elementor-widget-container\">\n\t\t\t<div class=\"elementor-image-box-wrapper\"><figure class=\"elementor-image-box-img\"><img decoding=\"async\" width=\"256\" height=\"256\" src=\"https:\/\/studio-emedia.com\/wp-content\/uploads\/2023\/09\/strategie.png\" class=\"attachment-full size-full wp-image-77\" alt=\"\" srcset=\"https:\/\/studio-emedia.com\/wp-content\/uploads\/2023\/09\/strategie.png 256w, https:\/\/studio-emedia.com\/wp-content\/uploads\/2023\/09\/strategie-150x150.png 150w\" sizes=\"(max-width: 256px) 100vw, 256px\" \/><\/figure><div class=\"elementor-image-box-content\"><h3 class=\"elementor-image-box-title\">Strat\u00e9gie \u00e9ditoriale et commerciale<\/h3><p class=\"elementor-image-box-description\">Propositions de contenus r\u00e9guliers et publications sponsoris\u00e9es<\/p><\/div><\/div>\t\t<\/div>\n\t\t\t\t<\/div>\n\t\t\t\t\t<\/div>\n\t\t<\/div>\n\t\t\t\t<div class=\"elementor-column elementor-col-25 elementor-top-column elementor-element elementor-element-fcbee9c elementor-invisible\" data-id=\"fcbee9c\" data-element_type=\"column\" data-settings=\"{&quot;background_background&quot;:&quot;classic&quot;,&quot;animation&quot;:&quot;fadeInUp&quot;,&quot;animation_delay&quot;:400}\">\n\t\t\t<div class=\"elementor-widget-wrap elementor-element-populated\">\n\t\t\t\t\t\t\t\t<div class=\"elementor-element elementor-element-0784b66 elementor-position-top elementor-widget elementor-widget-image-box\" data-id=\"0784b66\" data-element_type=\"widget\" data-widget_type=\"image-box.default\">\n\t\t\t\t<div class=\"elementor-widget-container\">\n\t\t\t<div class=\"elementor-image-box-wrapper\"><figure class=\"elementor-image-box-img\"><img decoding=\"async\" width=\"256\" height=\"256\" src=\"https:\/\/studio-emedia.com\/wp-content\/uploads\/2023\/09\/contenu.png\" class=\"attachment-full size-full wp-image-75\" alt=\"\" srcset=\"https:\/\/studio-emedia.com\/wp-content\/uploads\/2023\/09\/contenu.png 256w, https:\/\/studio-emedia.com\/wp-content\/uploads\/2023\/09\/contenu-150x150.png 150w\" sizes=\"(max-width: 256px) 100vw, 256px\" \/><\/figure><div class=\"elementor-image-box-content\"><h3 class=\"elementor-image-box-title\">Des publications cibl\u00e9es pour votre client\u00e8le<\/h3><p class=\"elementor-image-box-description\">Des id\u00e9es pour int\u00e9ragir avec vos followers (textes, quiz, images)<\/p><\/div><\/div>\t\t<\/div>\n\t\t\t\t<\/div>\n\t\t\t\t\t<\/div>\n\t\t<\/div>\n\t\t\t\t<div class=\"elementor-column elementor-col-25 elementor-top-column elementor-element elementor-element-deac5bc elementor-invisible\" data-id=\"deac5bc\" data-element_type=\"column\" data-settings=\"{&quot;background_background&quot;:&quot;classic&quot;,&quot;animation&quot;:&quot;fadeInUp&quot;,&quot;animation_delay&quot;:600}\">\n\t\t\t<div class=\"elementor-widget-wrap elementor-element-populated\">\n\t\t\t\t\t\t\t\t<div class=\"elementor-element elementor-element-b66fc90 elementor-position-top elementor-widget elementor-widget-image-box\" data-id=\"b66fc90\" data-element_type=\"widget\" data-widget_type=\"image-box.default\">\n\t\t\t\t<div class=\"elementor-widget-container\">\n\t\t\t<div class=\"elementor-image-box-wrapper\"><figure class=\"elementor-image-box-img\"><img loading=\"lazy\" decoding=\"async\" width=\"256\" height=\"256\" src=\"https:\/\/studio-emedia.com\/wp-content\/uploads\/2023\/09\/ecran-de-projection.png\" class=\"attachment-full size-full wp-image-74\" alt=\"\" srcset=\"https:\/\/studio-emedia.com\/wp-content\/uploads\/2023\/09\/ecran-de-projection.png 256w, https:\/\/studio-emedia.com\/wp-content\/uploads\/2023\/09\/ecran-de-projection-150x150.png 150w\" sizes=\"(max-width: 256px) 100vw, 256px\" \/><\/figure><div class=\"elementor-image-box-content\"><h3 class=\"elementor-image-box-title\">Charte graphique<\/h3><p class=\"elementor-image-box-description\">Gardez une certaine coh\u00e9rence dans votre communication avec un univers reconnaissable<\/p><\/div><\/div>\t\t<\/div>\n\t\t\t\t<\/div>\n\t\t\t\t\t<\/div>\n\t\t<\/div>\n\t\t\t\t\t\t\t<\/div>\n\t\t<\/section>\n\t\t\t\t<section class=\"elementor-section elementor-top-section elementor-element elementor-element-3ba87956 elementor-section-boxed elementor-section-height-default elementor-section-height-default\" data-id=\"3ba87956\" data-element_type=\"section\">\n\t\t\t\t\t\t<div class=\"elementor-container elementor-column-gap-default\">\n\t\t\t\t\t<div class=\"elementor-column elementor-col-100 elementor-top-column elementor-element elementor-element-dbce0b2\" data-id=\"dbce0b2\" data-element_type=\"column\">\n\t\t\t<div class=\"elementor-widget-wrap elementor-element-populated\">\n\t\t\t\t\t\t\t\t<div class=\"elementor-element elementor-element-7adcc2e1 elementor-widget elementor-widget-text-editor\" data-id=\"7adcc2e1\" data-element_type=\"widget\" data-widget_type=\"text-editor.default\">\n\t\t\t\t<div class=\"elementor-widget-container\">\n\t\t\t<style>\/*! elementor - v3.18.0 - 20-12-2023 *\/\n.elementor-widget-text-editor.elementor-drop-cap-view-stacked .elementor-drop-cap{background-color:#69727d;color:#fff}.elementor-widget-text-editor.elementor-drop-cap-view-framed .elementor-drop-cap{color:#69727d;border:3px solid;background-color:transparent}.elementor-widget-text-editor:not(.elementor-drop-cap-view-default) .elementor-drop-cap{margin-top:8px}.elementor-widget-text-editor:not(.elementor-drop-cap-view-default) .elementor-drop-cap-letter{width:1em;height:1em}.elementor-widget-text-editor .elementor-drop-cap{float:left;text-align:center;line-height:1;font-size:50px}.elementor-widget-text-editor .elementor-drop-cap-letter{display:inline-block}<\/style>\t\t\t\t<p><!-- wp:paragraph {\"align\":\"center\"} --><\/p>\n<p class=\"has-text-align-center\">\n<\/p><p><!-- \/wp:paragraph --><\/p>\n<p><!-- wp:paragraph {\"align\":\"left\"} --><\/p>\n<p class=\"has-text-align-left\"><span style=\"font-size: 14px; color: var( --e-global-color-text );\">Vous souhaitez am\u00e9liorer et augmenter la visibilit\u00e9 de votre commerce ou de votre travail sur les r\u00e9seaux sociaux, faire cro\u00eetre les interactions avec vos abonn\u00e9s, organiser des \u00e9v\u00e9nements, former vos collaborateurs, \u2026, nous pouvons vous aider.<\/span><br><\/p>\n<p><!-- \/wp:paragraph --><\/p>\n<p><!-- wp:paragraph --><\/p>\n<p><strong>Studio eMedia<\/strong> vous apporte son expertise dans la strat\u00e9gie \u00e9ditoriale et commerciale et sa technicit\u00e9 dans la production de m\u00e9dias.<\/p>\n<p><!-- \/wp:paragraph --><\/p>\n<p><!-- wp:paragraph {\"align\":\"right\",\"fontSize\":\"medium\"} --><\/p>\n<p class=\"has-text-align-right has-medium-font-size\"><em>&nbsp;<\/em><\/p>\n<p><!-- \/wp:paragraph --><\/p>\n<p><!-- wp:paragraph {\"align\":\"center\"} --><\/p>\n<p class=\"has-text-align-center\">Merci de bien vouloir renouveler votre visite. A bient\u00f4t !<\/p>\n<p><!-- \/wp:paragraph --><\/p>\t\t\t\t\t\t<\/div>\n\t\t\t\t<\/div>\n\t\t\t\t\t<\/div>\n\t\t<\/div>\n\t\t\t\t\t\t\t<\/div>\n\t\t<\/section>\n\t\t\t\t\t\t\t<\/div>\n\t\t","protected":false},"excerpt":{"rendered":"<p>Cr\u00e9ation de vid\u00e9os courtes et images publicitaires Augmenter sa visibilit\u00e9 et son nombre de followers pour un impact commercial plus fort ! Production de vid\u00e9os courtes et images publicitaires Nous vous proposons des id\u00e9es de sc\u00e9nario et nous occupons du tournage et du montage de la vid\u00e9o Strat\u00e9gie \u00e9ditoriale et commerciale Propositions de contenus r\u00e9guliers [&hellip;]<\/p>\n","protected":false},"author":1,"featured_media":0,"parent":0,"menu_order":0,"comment_status":"closed","ping_status":"closed","template":"","meta":{"footnotes":""},"class_list":["post-20","page","type-page","status-publish","hentry","entry"],"yoast_head":"<!-- This site is optimized with the Yoast SEO plugin v21.8 - https:\/\/yoast.com\/wordpress\/plugins\/seo\/ -->\n<title>Cr\u00e9ation de visuels et vid\u00e9os - Strat\u00e9gie digitale (Voiron - Is\u00e8re 38)<\/title>\n<meta name=\"description\" content=\"Studio eMedia vous propose un accompagnement personnalis\u00e9 sur vos r\u00e9seaux sociaux : strat\u00e9gie \u00e9ditoriale et commerciale, charte graphique, contenus r\u00e9guliers, production de vid\u00e9os courtes et images publicitaires...\" \/>\n<meta name=\"robots\" content=\"index, follow, max-snippet:-1, max-image-preview:large, max-video-preview:-1\" \/>\n<link rel=\"canonical\" href=\"https:\/\/studio-emedia.com\/\" \/>\n<meta property=\"og:locale\" content=\"fr_FR\" \/>\n<meta property=\"og:type\" content=\"article\" \/>\n<meta property=\"og:title\" content=\"Cr\u00e9ation de visuels et vid\u00e9os - Strat\u00e9gie digitale (Voiron - Is\u00e8re 38)\" \/>\n<meta property=\"og:description\" content=\"Studio eMedia vous propose un accompagnement personnalis\u00e9 sur vos r\u00e9seaux sociaux : strat\u00e9gie \u00e9ditoriale et commerciale, charte graphique, contenus r\u00e9guliers, production de vid\u00e9os courtes et images publicitaires...\" \/>\n<meta property=\"og:url\" content=\"https:\/\/studio-emedia.com\/\" \/>\n<meta property=\"og:site_name\" content=\"Studio eMedia\" \/>\n<meta property=\"article:modified_time\" content=\"2023-09-02T00:40:16+00:00\" \/>\n<meta property=\"og:image\" content=\"http:\/\/studio-emedia.com\/wp-content\/uploads\/2023\/09\/video.png\" \/>\n<meta name=\"twitter:card\" content=\"summary_large_image\" \/>\n<meta name=\"twitter:label1\" content=\"Dur\u00e9e de lecture estim\u00e9e\" \/>\n\t<meta name=\"twitter:data1\" content=\"2 minutes\" \/>\n<script type=\"application\/ld+json\" class=\"yoast-schema-graph\">{\"@context\":\"https:\/\/schema.org\",\"@graph\":[{\"@type\":\"WebPage\",\"@id\":\"https:\/\/studio-emedia.com\/\",\"url\":\"https:\/\/studio-emedia.com\/\",\"name\":\"Cr\u00e9ation de visuels et vid\u00e9os - Strat\u00e9gie digitale (Voiron - Is\u00e8re 38)\",\"isPartOf\":{\"@id\":\"https:\/\/studio-emedia.com\/#website\"},\"datePublished\":\"2023-08-30T23:43:48+00:00\",\"dateModified\":\"2023-09-02T00:40:16+00:00\",\"description\":\"Studio eMedia vous propose un accompagnement personnalis\u00e9 sur vos r\u00e9seaux sociaux : strat\u00e9gie \u00e9ditoriale et commerciale, charte graphique, contenus r\u00e9guliers, production de vid\u00e9os courtes et images publicitaires...\",\"breadcrumb\":{\"@id\":\"https:\/\/studio-emedia.com\/#breadcrumb\"},\"inLanguage\":\"fr-FR\",\"potentialAction\":[{\"@type\":\"ReadAction\",\"target\":[\"https:\/\/studio-emedia.com\/\"]}]},{\"@type\":\"BreadcrumbList\",\"@id\":\"https:\/\/studio-emedia.com\/#breadcrumb\",\"itemListElement\":[{\"@type\":\"ListItem\",\"position\":1,\"name\":\"Accueil\",\"item\":\"https:\/\/studio-emedia.com\/\"},{\"@type\":\"ListItem\",\"position\":2,\"name\":\"Accueil\"}]},{\"@type\":\"WebSite\",\"@id\":\"https:\/\/studio-emedia.com\/#website\",\"url\":\"https:\/\/studio-emedia.com\/\",\"name\":\"Studio eMedia\",\"description\":\"Cr\u00e9ation de visuels et vid\u00e9os\",\"publisher\":{\"@id\":\"https:\/\/studio-emedia.com\/#organization\"},\"potentialAction\":[{\"@type\":\"SearchAction\",\"target\":{\"@type\":\"EntryPoint\",\"urlTemplate\":\"https:\/\/studio-emedia.com\/?s={search_term_string}\"},\"query-input\":\"required name=search_term_string\"}],\"inLanguage\":\"fr-FR\"},{\"@type\":\"Organization\",\"@id\":\"https:\/\/studio-emedia.com\/#organization\",\"name\":\"Studio eMedia\",\"url\":\"https:\/\/studio-emedia.com\/\",\"logo\":{\"@type\":\"ImageObject\",\"inLanguage\":\"fr-FR\",\"@id\":\"https:\/\/studio-emedia.com\/#\/schema\/logo\/image\/\",\"url\":\"https:\/\/studio-emedia.com\/wp-content\/uploads\/2023\/08\/cropped-Studio-eMedia-Logo-couleur-CMJN.png\",\"contentUrl\":\"https:\/\/studio-emedia.com\/wp-content\/uploads\/2023\/08\/cropped-Studio-eMedia-Logo-couleur-CMJN.png\",\"width\":1123,\"height\":359,\"caption\":\"Studio eMedia\"},\"image\":{\"@id\":\"https:\/\/studio-emedia.com\/#\/schema\/logo\/image\/\"}}]}<\/script>\n<!-- \/ Yoast SEO plugin. -->","yoast_head_json":{"title":"Cr\u00e9ation de visuels et vid\u00e9os - Strat\u00e9gie digitale (Voiron - Is\u00e8re 38)","description":"Studio eMedia vous propose un accompagnement personnalis\u00e9 sur vos r\u00e9seaux sociaux : strat\u00e9gie \u00e9ditoriale et commerciale, charte graphique, contenus r\u00e9guliers, production de vid\u00e9os courtes et images publicitaires...","robots":{"index":"index","follow":"follow","max-snippet":"max-snippet:-1","max-image-preview":"max-image-preview:large","max-video-preview":"max-video-preview:-1"},"canonical":"https:\/\/studio-emedia.com\/","og_locale":"fr_FR","og_type":"article","og_title":"Cr\u00e9ation de visuels et vid\u00e9os - Strat\u00e9gie digitale (Voiron - Is\u00e8re 38)","og_description":"Studio eMedia vous propose un accompagnement personnalis\u00e9 sur vos r\u00e9seaux sociaux : strat\u00e9gie \u00e9ditoriale et commerciale, charte graphique, contenus r\u00e9guliers, production de vid\u00e9os courtes et images publicitaires...","og_url":"https:\/\/studio-emedia.com\/","og_site_name":"Studio eMedia","article_modified_time":"2023-09-02T00:40:16+00:00","og_image":[{"url":"http:\/\/studio-emedia.com\/wp-content\/uploads\/2023\/09\/video.png"}],"twitter_card":"summary_large_image","twitter_misc":{"Dur\u00e9e de lecture estim\u00e9e":"2 minutes"},"schema":{"@context":"https:\/\/schema.org","@graph":[{"@type":"WebPage","@id":"https:\/\/studio-emedia.com\/","url":"https:\/\/studio-emedia.com\/","name":"Cr\u00e9ation de visuels et vid\u00e9os - Strat\u00e9gie digitale (Voiron - Is\u00e8re 38)","isPartOf":{"@id":"https:\/\/studio-emedia.com\/#website"},"datePublished":"2023-08-30T23:43:48+00:00","dateModified":"2023-09-02T00:40:16+00:00","description":"Studio eMedia vous propose un accompagnement personnalis\u00e9 sur vos r\u00e9seaux sociaux : strat\u00e9gie \u00e9ditoriale et commerciale, charte graphique, contenus r\u00e9guliers, production de vid\u00e9os courtes et images publicitaires...","breadcrumb":{"@id":"https:\/\/studio-emedia.com\/#breadcrumb"},"inLanguage":"fr-FR","potentialAction":[{"@type":"ReadAction","target":["https:\/\/studio-emedia.com\/"]}]},{"@type":"BreadcrumbList","@id":"https:\/\/studio-emedia.com\/#breadcrumb","itemListElement":[{"@type":"ListItem","position":1,"name":"Accueil","item":"https:\/\/studio-emedia.com\/"},{"@type":"ListItem","position":2,"name":"Accueil"}]},{"@type":"WebSite","@id":"https:\/\/studio-emedia.com\/#website","url":"https:\/\/studio-emedia.com\/","name":"Studio eMedia","description":"Cr\u00e9ation de visuels et vid\u00e9os","publisher":{"@id":"https:\/\/studio-emedia.com\/#organization"},"potentialAction":[{"@type":"SearchAction","target":{"@type":"EntryPoint","urlTemplate":"https:\/\/studio-emedia.com\/?s={search_term_string}"},"query-input":"required name=search_term_string"}],"inLanguage":"fr-FR"},{"@type":"Organization","@id":"https:\/\/studio-emedia.com\/#organization","name":"Studio eMedia","url":"https:\/\/studio-emedia.com\/","logo":{"@type":"ImageObject","inLanguage":"fr-FR","@id":"https:\/\/studio-emedia.com\/#\/schema\/logo\/image\/","url":"https:\/\/studio-emedia.com\/wp-content\/uploads\/2023\/08\/cropped-Studio-eMedia-Logo-couleur-CMJN.png","contentUrl":"https:\/\/studio-emedia.com\/wp-content\/uploads\/2023\/08\/cropped-Studio-eMedia-Logo-couleur-CMJN.png","width":1123,"height":359,"caption":"Studio eMedia"},"image":{"@id":"https:\/\/studio-emedia.com\/#\/schema\/logo\/image\/"}}]}},"_links":{"self":[{"href":"https:\/\/studio-emedia.com\/index.php\/wp-json\/wp\/v2\/pages\/20","targetHints":{"allow":["GET"]}}],"collection":[{"href":"https:\/\/studio-emedia.com\/index.php\/wp-json\/wp\/v2\/pages"}],"about":[{"href":"https:\/\/studio-emedia.com\/index.php\/wp-json\/wp\/v2\/types\/page"}],"author":[{"embeddable":true,"href":"https:\/\/studio-emedia.com\/index.php\/wp-json\/wp\/v2\/users\/1"}],"replies":[{"embeddable":true,"href":"https:\/\/studio-emedia.com\/index.php\/wp-json\/wp\/v2\/comments?post=20"}],"version-history":[{"count":19,"href":"https:\/\/studio-emedia.com\/index.php\/wp-json\/wp\/v2\/pages\/20\/revisions"}],"predecessor-version":[{"id":91,"href":"https:\/\/studio-emedia.com\/index.php\/wp-json\/wp\/v2\/pages\/20\/revisions\/91"}],"wp:attachment":[{"href":"https:\/\/studio-emedia.com\/index.php\/wp-json\/wp\/v2\/media?parent=20"}],"curies":[{"name":"wp","href":"https:\/\/api.w.org\/{rel}","templated":true}]}}